{"id":3880,"date":"2025-03-11T06:45:14","date_gmt":"2025-03-11T06:45:14","guid":{"rendered":"http:\/\/chauffage-fulkorn.fr\/contact\/"},"modified":"2025-04-12T03:58:16","modified_gmt":"2025-04-12T03:58:16","slug":"contact","status":"publish","type":"page","link":"https:\/\/chauffage-fulkorn.fr\/en\/contact\/","title":{"rendered":"Contact"},"content":{"rendered":"\t\t<div data-elementor-type=\"wp-page\" data-elementor-id=\"3880\" class=\"elementor elementor-3880 elementor-3083\" data-elementor-post-type=\"page\">\n\t\t\t\t<div class=\"wd-negative-gap elementor-element elementor-element-88535ac e-flex e-con-boxed e-con e-parent\" data-id=\"88535ac\" data-element_type=\"container\">\n\t\t\t\t\t<div class=\"e-con-inner\">\n\t\t\t\t<div class=\"elementor-element elementor-element-2f51a8d elementor-widget elementor-widget-spacer\" data-id=\"2f51a8d\" data-element_type=\"widget\" data-widget_type=\"spacer.default\">\n\t\t\t\t<div class=\"elementor-widget-container\">\n\t\t\t\t\t\t\t<div class=\"elementor-spacer\">\n\t\t\t<div class=\"elementor-spacer-inner\"><\/div>\n\t\t<\/div>\n\t\t\t\t\t\t<\/div>\n\t\t\t\t<\/div>\n\t\t\t\t\t<\/div>\n\t\t\t\t<\/div>\n\t\t<div class=\"wd-negative-gap elementor-element elementor-element-182218e e-flex e-con-boxed e-con e-parent\" data-id=\"182218e\" data-element_type=\"container\">\n\t\t\t\t\t<div class=\"e-con-inner\">\n\t\t<div class=\"elementor-element elementor-element-c282c84 e-con-full e-flex e-con e-child\" data-id=\"c282c84\" data-element_type=\"container\">\n\t\t\t\t<div class=\"elementor-element elementor-element-6d1e810 wd-width-100 elementor-widget elementor-widget-wd_title\" data-id=\"6d1e810\" data-element_type=\"widget\" data-widget_type=\"wd_title.default\">\n\t\t\t\t<div class=\"elementor-widget-container\">\n\t\t\t\t\t\t\t<div class=\"title-wrapper wd-set-mb reset-last-child wd-title-color-default wd-title-style-default wd-title-size-large text-left\">\n\n\t\t\t\n\t\t\t<div class=\"liner-continer\">\n\t\t\t\t<h4 class=\"woodmart-title-container title wd-fontsize-xxl\">Contactez l\u2019un de nos experts!<\/h4> \n\t\t\t\t\t\t\t<\/div>\n\n\t\t\t\t\t\t\t<div class=\"title-after_title reset-last-child wd-fontsize-s\">\n\t\t\t\t\t<p>Nos experts sont disponibles 7j\/7 pour r\u00e9pondre \u00e0 vos questions et vous guider.<br \/><strong>N\u2019h\u00e9sitez pas \u00e0 nous envoyer un email ou \u00e0 nous rendre visite \u00e0 cette adresse :<\/strong><br \/>\ud83d\udccd 19, rue des Anciens d'Alg\u00e9rie - 72170 Beaumont-Sur-Sarthe<br \/>\ud83d\udcde Ou <strong>appelez-nous<\/strong> au : 09 79 25 66 92<\/p>\t\t\t\t<\/div>\n\t\t\t\t\t<\/div>\n\t\t\t\t\t\t<\/div>\n\t\t\t\t<\/div>\n\t\t\t\t<div class=\"elementor-element elementor-element-74e77af elementor-widget elementor-widget-wd_contact_form_7\" data-id=\"74e77af\" data-element_type=\"widget\" data-widget_type=\"wd_contact_form_7.default\">\n\t\t\t\t<div class=\"elementor-widget-container\">\n\t\t\t\t\t\n<div class=\"wpcf7 no-js\" id=\"wpcf7-f3998-o1\" lang=\"en-US\" dir=\"ltr\" data-wpcf7-id=\"3998\">\n<div class=\"screen-reader-response\"><p role=\"status\" aria-live=\"polite\" aria-atomic=\"true\"><\/p> <ul><\/ul><\/div>\n<form action=\"\/en\/wp-json\/wp\/v2\/pages\/3880#wpcf7-f3998-o1\" method=\"post\" class=\"wpcf7-form init\" aria-label=\"Contact form\" novalidate=\"novalidate\" data-status=\"init\">\n<fieldset class=\"hidden-fields-container\"><input type=\"hidden\" name=\"_wpcf7\" value=\"3998\" \/><input type=\"hidden\" name=\"_wpcf7_version\" value=\"6.1.1\" \/><input type=\"hidden\" name=\"_wpcf7_locale\" value=\"en_US\" \/><input type=\"hidden\" name=\"_wpcf7_unit_tag\" value=\"wpcf7-f3998-o1\" \/><input type=\"hidden\" name=\"_wpcf7_container_post\" value=\"0\" \/><input type=\"hidden\" name=\"_wpcf7_posted_data_hash\" value=\"\" \/>\n<\/fieldset>\n<p><span class=\"wpcf7-form-control-wrap\" data-name=\"Name\"><input size=\"40\" maxlength=\"400\" class=\"wpcf7-form-control wpcf7-text wpcf7-validates-as-required\" aria-required=\"true\" aria-invalid=\"false\" placeholder=\"Name\" value=\"\" type=\"text\" name=\"Name\" \/><\/span>\n<\/p>\n<p><span class=\"wpcf7-form-control-wrap\" data-name=\"Email\"><input size=\"40\" maxlength=\"400\" class=\"wpcf7-form-control wpcf7-email wpcf7-validates-as-required wpcf7-text wpcf7-validates-as-email\" aria-required=\"true\" aria-invalid=\"false\" placeholder=\"Email\" value=\"\" type=\"email\" name=\"Email\" \/><\/span>\n<\/p>\n<p><span class=\"wpcf7-form-control-wrap\" data-name=\"your-message\"><textarea cols=\"40\" rows=\"10\" maxlength=\"2000\" class=\"wpcf7-form-control wpcf7-textarea\" aria-invalid=\"false\" placeholder=\"Write your message..\" name=\"your-message\"><\/textarea><\/span>\n<\/p>\n<p><input class=\"wpcf7-form-control wpcf7-submit has-spinner btn btn-color-primary btn-style-round\" type=\"submit\" value=\"Send the message\" \/>\n<\/p><div class=\"wpcf7-response-output\" aria-hidden=\"true\"><\/div>\n<\/form>\n<\/div>\n\t\t\t\t<\/div>\n\t\t\t\t<\/div>\n\t\t\t\t<\/div>\n\t\t<div class=\"elementor-element elementor-element-6b3eeb6 e-con-full e-flex e-con e-child\" data-id=\"6b3eeb6\" data-element_type=\"container\">\n\t\t\t\t<div class=\"elementor-element elementor-element-10607dd elementor-widget elementor-widget-image\" data-id=\"10607dd\" data-element_type=\"widget\" data-widget_type=\"image.default\">\n\t\t\t\t<div class=\"elementor-widget-container\">\n\t\t\t\t\t\t\t\t\t\t\t\t\t\t\t<img fetchpriority=\"high\" decoding=\"async\" width=\"1089\" height=\"821\" src=\"https:\/\/chauffage-fulkorn.fr\/wp-content\/uploads\/2025\/04\/CO2.png\" class=\"attachment-1536x1536 size-1536x1536 wp-image-4002\" alt=\"Co2\" srcset=\"https:\/\/chauffage-fulkorn.fr\/wp-content\/uploads\/2025\/04\/CO2.png 1089w, https:\/\/chauffage-fulkorn.fr\/wp-content\/uploads\/2025\/04\/CO2-300x226.png 300w, https:\/\/chauffage-fulkorn.fr\/wp-content\/uploads\/2025\/04\/CO2-1024x772.png 1024w, https:\/\/chauffage-fulkorn.fr\/wp-content\/uploads\/2025\/04\/CO2-768x579.png 768w, https:\/\/chauffage-fulkorn.fr\/wp-content\/uploads\/2025\/04\/CO2-150x113.png 150w\" sizes=\"(max-width: 1089px) 100vw, 1089px\" \/>\t\t\t\t\t\t\t\t\t\t\t\t\t\t\t<\/div>\n\t\t\t\t<\/div>\n\t\t\t\t<\/div>\n\t\t\t\t\t<\/div>\n\t\t\t\t<\/div>\n\t\t\t\t<\/div>\n\t\t","protected":false},"excerpt":{"rendered":"<p>Contactez l\u2019un de nos experts! Nos experts sont disponibles 7j\/7 pour r\u00e9pondre \u00e0 vos questions et vous guider.N\u2019h\u00e9sitez pas \u00e0<\/p>\n","protected":false},"author":1,"featured_media":0,"parent":0,"menu_order":0,"comment_status":"closed","ping_status":"closed","template":"","meta":{"slim_seo":{"title":"Contact - fulkorn","description":"Contactez l\u2019un de nos experts! Nos experts sont disponibles 7j\/7 pour r\u00e9pondre \u00e0 vos questions et vous guider. N\u2019h\u00e9sitez pas \u00e0 nous envoyer un email ou \u00e0 nous r"},"footnotes":""},"class_list":["post-3880","page","type-page","status-publish","hentry"],"_links":{"self":[{"href":"https:\/\/chauffage-fulkorn.fr\/en\/wp-json\/wp\/v2\/pages\/3880","targetHints":{"allow":["GET"]}}],"collection":[{"href":"https:\/\/chauffage-fulkorn.fr\/en\/wp-json\/wp\/v2\/pages"}],"about":[{"href":"https:\/\/chauffage-fulkorn.fr\/en\/wp-json\/wp\/v2\/types\/page"}],"author":[{"embeddable":true,"href":"https:\/\/chauffage-fulkorn.fr\/en\/wp-json\/wp\/v2\/users\/1"}],"replies":[{"embeddable":true,"href":"https:\/\/chauffage-fulkorn.fr\/en\/wp-json\/wp\/v2\/comments?post=3880"}],"version-history":[{"count":9,"href":"https:\/\/chauffage-fulkorn.fr\/en\/wp-json\/wp\/v2\/pages\/3880\/revisions"}],"predecessor-version":[{"id":4083,"href":"https:\/\/chauffage-fulkorn.fr\/en\/wp-json\/wp\/v2\/pages\/3880\/revisions\/4083"}],"wp:attachment":[{"href":"https:\/\/chauffage-fulkorn.fr\/en\/wp-json\/wp\/v2\/media?parent=3880"}],"curies":[{"name":"wp","href":"https:\/\/api.w.org\/{rel}","templated":true}]}}